{"id":1000153,"date":"2019-09-23T18:13:42","date_gmt":"2019-09-23T16:13:42","guid":{"rendered":"https:\/\/www.whiterose.io\/?page_id=1000153"},"modified":"2019-09-23T18:14:27","modified_gmt":"2019-09-23T16:14:27","slug":"notre-societe","status":"publish","type":"page","link":"https:\/\/www.whiterose.io\/fr\/notre-societe\/","title":{"rendered":"Notre Soci\u00e9t\u00e9"},"content":{"rendered":"<p>[vc_row css_id=\u00a0\u00bbsection-about\u00a0\u00bb css=\u00a0\u00bb.vc_custom_1424795056871{margin-top: -2px !important;padding-top: 90px !important;padding-bottom: 90px !important;background-color: #1a1a1a !important;}\u00a0\u00bb][vc_column]<div class=\"section-title clearfix wow fadeInLeft align-center  \" ><h2 >NOTRE SOCIETE<\/h2><div class=\"desc col-md-offset-1 col-md-10 col-sm-12\" >Nous fournissons des services li\u00e9s \u00e0 la confidentialit\u00e9 et la protection de vie priv\u00e9e dans le monde entier.<br \/>\nNous avons commenc\u00e9 en 2013 par la cr\u00e9ation d'un r\u00e9seau priv\u00e9 de t\u00e9l\u00e9communication chiffr\u00e9. Nous avons en 2017 d\u00e9cid\u00e9 de nous ouvrir au grand public et de proposer nos diff\u00e9rents services.<\/div><\/div>[vc_row_inner][vc_column_inner width=\u00a0\u00bb1\/3&Prime;]<div class=\"image-box image-top   wow fadeInLeft\" ><img src=\"https:\/\/www.whiterose.io\/wp-content\/uploads\/2015\/02\/feature-pic-1.jpg\" alt=\"Infrastructures haut de gamme\" class=\"img-\"> <span class=\"image-box-title\">Infrastructures haut de gamme<\/span><div class=\"image-box-content\">Pour nous, la fiabilit\u00e9 de vos donn\u00e9es n&rsquo;est ni une \u00e9conomie, ni un compromis, ni une option.<\/div><\/div>[\/vc_column_inner][vc_column_inner width=\u00a0\u00bb1\/3&Prime;]<div class=\"image-box image-top   wow fadeInRight\" ><img src=\"https:\/\/www.whiterose.io\/wp-content\/uploads\/2015\/02\/feature-pic-3.jpg\" alt=\"Hautes performances r\u00e9seau\" class=\"img-\"> <span class=\"image-box-title\">Hautes performances r\u00e9seau<\/span><div class=\"image-box-content\">Les performances ne sont pas li\u00e9es uniquement a la puissance de votre processeur ou \u00e0 sa quantit\u00e9 de m\u00e9moires. L&rsquo;ensemble de nos serveurs sont dot\u00e9s de larges capacit\u00e9s r\u00e9seau sur l&rsquo;int\u00e9gralit\u00e9 des op\u00e9rateurs mondiaux.<\/div><\/div>[\/vc_column_inner][vc_column_inner width=\u00a0\u00bb1\/3&Prime;]<div class=\"image-box image-top   wow fadeInDown\" ><img src=\"https:\/\/www.whiterose.io\/wp-content\/uploads\/2019\/07\/hongkong.png\" alt=\"Confidentialit\u00e9 garantie\" class=\"img-\"> <span class=\"image-box-title\">Confidentialit\u00e9 garantie<\/span><div class=\"image-box-content\">Nous avons sp\u00e9cifiquement choisi Hong Kong comme si\u00e8ge social, car il y existe des \u00abNo Mandatory Data Retention Laws\u00bb. Nous ne sommes donc pas l\u00e9galement tenus de stocker les donn\u00e9es utilisateurs et de les partager avec quiconque.<\/div><\/div>[\/vc_column_inner][\/vc_row_inner][\/vc_column][\/vc_row]<\/p>\n","protected":false},"excerpt":{"rendered":"<p>[vc_row css_id=\u00a0\u00bbsection-about\u00a0\u00bb css=\u00a0\u00bb.vc_custom_1424795056871{margin-top: -2px !important;padding-top: 90px !important;padding-bottom: 90px !important;background-color: #1a1a1a !important;}\u00a0\u00bb][vc_column][vc_row_inner][vc_column_inner width=\u00a0\u00bb1\/3&Prime;][\/vc_column_inner][vc_column_inner width=\u00a0\u00bb1\/3&Prime;][\/vc_column_inner][vc_column_inner width=\u00a0\u00bb1\/3&Prime;][\/vc_column_inner][\/vc_row_inner][\/vc_column][\/vc_row]<\/p>\n","protected":false},"author":1,"featured_media":0,"parent":0,"menu_order":0,"comment_status":"closed","ping_status":"closed","template":"","meta":[],"categories":[],"tags":[],"yoast_head":"<!-- This site is optimized with the Yoast SEO plugin v20.6 - https:\/\/yoast.com\/wordpress\/plugins\/seo\/ -->\n<title>Notre Soci\u00e9t\u00e9 - WhiteRose Services<\/title>\n<meta name=\"robots\" content=\"index, follow, max-snippet:-1, max-image-preview:large, max-video-preview:-1\" \/>\n<link rel=\"canonical\" href=\"https:\/\/www.whiterose.io\/fr\/notre-societe\/\" \/>\n<meta property=\"og:locale\" content=\"fr_FR\" \/>\n<meta property=\"og:type\" content=\"article\" \/>\n<meta property=\"og:title\" content=\"Notre Soci\u00e9t\u00e9 - WhiteRose Services\" \/>\n<meta property=\"og:description\" content=\"[vc_row css_id=\u00a0\u00bbsection-about\u00a0\u00bb css=\u00a0\u00bb.vc_custom_1424795056871{margin-top: -2px !important;padding-top: 90px !important;padding-bottom: 90px !important;background-color: #1a1a1a !important;}\u00a0\u00bb][vc_column][vc_row_inner][vc_column_inner width=\u00a0\u00bb1\/3&Prime;][\/vc_column_inner][vc_column_inner width=\u00a0\u00bb1\/3&Prime;][\/vc_column_inner][vc_column_inner width=\u00a0\u00bb1\/3&Prime;][\/vc_column_inner][\/vc_row_inner][\/vc_column][\/vc_row]\" \/>\n<meta property=\"og:url\" content=\"https:\/\/www.whiterose.io\/fr\/notre-societe\/\" \/>\n<meta property=\"og:site_name\" content=\"WhiteRose Services\" \/>\n<meta property=\"article:publisher\" content=\"https:\/\/www.facebook.com\/Whiteroseio-109689350414683\" \/>\n<meta property=\"article:modified_time\" content=\"2019-09-23T16:14:27+00:00\" \/>\n<meta property=\"og:image\" content=\"https:\/\/www.whiterose.io\/wp-content\/uploads\/2020\/09\/og_facebook.jpg\" \/>\n\t<meta property=\"og:image:width\" content=\"1200\" \/>\n\t<meta property=\"og:image:height\" content=\"630\" \/>\n\t<meta property=\"og:image:type\" content=\"image\/jpeg\" \/>\n<meta name=\"twitter:card\" content=\"summary_large_image\" \/>\n<meta name=\"twitter:label1\" content=\"Dur\u00e9e de lecture estim\u00e9e\" \/>\n\t<meta name=\"twitter:data1\" content=\"1 minute\" \/>\n<script type=\"application\/ld+json\" class=\"yoast-schema-graph\">{\"@context\":\"https:\/\/schema.org\",\"@graph\":[{\"@type\":\"WebPage\",\"@id\":\"https:\/\/www.whiterose.io\/fr\/notre-societe\/\",\"url\":\"https:\/\/www.whiterose.io\/fr\/notre-societe\/\",\"name\":\"Notre Soci\u00e9t\u00e9 - WhiteRose Services\",\"isPartOf\":{\"@id\":\"https:\/\/www.whiterose.io\/fr\/#website\"},\"datePublished\":\"2019-09-23T16:13:42+00:00\",\"dateModified\":\"2019-09-23T16:14:27+00:00\",\"breadcrumb\":{\"@id\":\"https:\/\/www.whiterose.io\/fr\/notre-societe\/#breadcrumb\"},\"inLanguage\":\"fr-FR\",\"potentialAction\":[{\"@type\":\"ReadAction\",\"target\":[\"https:\/\/www.whiterose.io\/fr\/notre-societe\/\"]}]},{\"@type\":\"BreadcrumbList\",\"@id\":\"https:\/\/www.whiterose.io\/fr\/notre-societe\/#breadcrumb\",\"itemListElement\":[{\"@type\":\"ListItem\",\"position\":1,\"name\":\"Accueil\",\"item\":\"https:\/\/www.whiterose.io\/fr\/\"},{\"@type\":\"ListItem\",\"position\":2,\"name\":\"Notre Soci\u00e9t\u00e9\"}]},{\"@type\":\"WebSite\",\"@id\":\"https:\/\/www.whiterose.io\/fr\/#website\",\"url\":\"https:\/\/www.whiterose.io\/fr\/\",\"name\":\"WhiteRose Services\",\"description\":\"Privacy Provider.\",\"potentialAction\":[{\"@type\":\"SearchAction\",\"target\":{\"@type\":\"EntryPoint\",\"urlTemplate\":\"https:\/\/www.whiterose.io\/fr\/?s={search_term_string}\"},\"query-input\":\"required name=search_term_string\"}],\"inLanguage\":\"fr-FR\"}]}<\/script>\n<!-- \/ Yoast SEO plugin. -->","yoast_head_json":{"title":"Notre Soci\u00e9t\u00e9 - WhiteRose Services","robots":{"index":"index","follow":"follow","max-snippet":"max-snippet:-1","max-image-preview":"max-image-preview:large","max-video-preview":"max-video-preview:-1"},"canonical":"https:\/\/www.whiterose.io\/fr\/notre-societe\/","og_locale":"fr_FR","og_type":"article","og_title":"Notre Soci\u00e9t\u00e9 - WhiteRose Services","og_description":"[vc_row css_id=\u00a0\u00bbsection-about\u00a0\u00bb css=\u00a0\u00bb.vc_custom_1424795056871{margin-top: -2px !important;padding-top: 90px !important;padding-bottom: 90px !important;background-color: #1a1a1a !important;}\u00a0\u00bb][vc_column][vc_row_inner][vc_column_inner width=\u00a0\u00bb1\/3&Prime;][\/vc_column_inner][vc_column_inner width=\u00a0\u00bb1\/3&Prime;][\/vc_column_inner][vc_column_inner width=\u00a0\u00bb1\/3&Prime;][\/vc_column_inner][\/vc_row_inner][\/vc_column][\/vc_row]","og_url":"https:\/\/www.whiterose.io\/fr\/notre-societe\/","og_site_name":"WhiteRose Services","article_publisher":"https:\/\/www.facebook.com\/Whiteroseio-109689350414683","article_modified_time":"2019-09-23T16:14:27+00:00","og_image":[{"width":1200,"height":630,"url":"https:\/\/www.whiterose.io\/wp-content\/uploads\/2020\/09\/og_facebook.jpg","type":"image\/jpeg"}],"twitter_card":"summary_large_image","twitter_misc":{"Dur\u00e9e de lecture estim\u00e9e":"1 minute"},"schema":{"@context":"https:\/\/schema.org","@graph":[{"@type":"WebPage","@id":"https:\/\/www.whiterose.io\/fr\/notre-societe\/","url":"https:\/\/www.whiterose.io\/fr\/notre-societe\/","name":"Notre Soci\u00e9t\u00e9 - WhiteRose Services","isPartOf":{"@id":"https:\/\/www.whiterose.io\/fr\/#website"},"datePublished":"2019-09-23T16:13:42+00:00","dateModified":"2019-09-23T16:14:27+00:00","breadcrumb":{"@id":"https:\/\/www.whiterose.io\/fr\/notre-societe\/#breadcrumb"},"inLanguage":"fr-FR","potentialAction":[{"@type":"ReadAction","target":["https:\/\/www.whiterose.io\/fr\/notre-societe\/"]}]},{"@type":"BreadcrumbList","@id":"https:\/\/www.whiterose.io\/fr\/notre-societe\/#breadcrumb","itemListElement":[{"@type":"ListItem","position":1,"name":"Accueil","item":"https:\/\/www.whiterose.io\/fr\/"},{"@type":"ListItem","position":2,"name":"Notre Soci\u00e9t\u00e9"}]},{"@type":"WebSite","@id":"https:\/\/www.whiterose.io\/fr\/#website","url":"https:\/\/www.whiterose.io\/fr\/","name":"WhiteRose Services","description":"Privacy Provider.","potentialAction":[{"@type":"SearchAction","target":{"@type":"EntryPoint","urlTemplate":"https:\/\/www.whiterose.io\/fr\/?s={search_term_string}"},"query-input":"required name=search_term_string"}],"inLanguage":"fr-FR"}]}},"_links":{"self":[{"href":"https:\/\/www.whiterose.io\/fr\/wp-json\/wp\/v2\/pages\/1000153"}],"collection":[{"href":"https:\/\/www.whiterose.io\/fr\/wp-json\/wp\/v2\/pages"}],"about":[{"href":"https:\/\/www.whiterose.io\/fr\/wp-json\/wp\/v2\/types\/page"}],"author":[{"embeddable":true,"href":"https:\/\/www.whiterose.io\/fr\/wp-json\/wp\/v2\/users\/1"}],"replies":[{"embeddable":true,"href":"https:\/\/www.whiterose.io\/fr\/wp-json\/wp\/v2\/comments?post=1000153"}],"version-history":[{"count":3,"href":"https:\/\/www.whiterose.io\/fr\/wp-json\/wp\/v2\/pages\/1000153\/revisions"}],"predecessor-version":[{"id":1000156,"href":"https:\/\/www.whiterose.io\/fr\/wp-json\/wp\/v2\/pages\/1000153\/revisions\/1000156"}],"wp:attachment":[{"href":"https:\/\/www.whiterose.io\/fr\/wp-json\/wp\/v2\/media?parent=1000153"}],"wp:term":[{"taxonomy":"category","embeddable":true,"href":"https:\/\/www.whiterose.io\/fr\/wp-json\/wp\/v2\/categories?post=1000153"},{"taxonomy":"post_tag","embeddable":true,"href":"https:\/\/www.whiterose.io\/fr\/wp-json\/wp\/v2\/tags?post=1000153"}],"curies":[{"name":"wp","href":"https:\/\/api.w.org\/{rel}","templated":true}]}}