{"id":2205,"date":"2015-02-23T10:21:37","date_gmt":"2015-02-23T10:21:37","guid":{"rendered":"http:\/\/demo.themealien.com\/onehost\/?page_id=2205"},"modified":"2021-03-12T09:53:43","modified_gmt":"2021-03-12T08:53:43","slug":"homepage-slider-transparent","status":"publish","type":"page","link":"https:\/\/www.whiterose.io\/fr\/","title":{"rendered":"Accueil"},"content":{"rendered":"<p>[vc_row css_id=\u00a0\u00bbsection-home\u00a0\u00bb full_content=\u00a0\u00bbyes\u00a0\u00bb el_class=\u00a0\u00bbsection-home\u00a0\u00bb][vc_column][rev_slider_vc alias=\u00a0\u00bbfullscreen_slider\u00a0\u00bb][\/vc_column][\/vc_row][vc_row full_content=\u00a0\u00bbyes\u00a0\u00bb][vc_column][rev_slider_vc alias=\u00a0\u00bbfull_slider_bg\u00a0\u00bb el_class=\u00a0\u00bbfull-slider-bg\u00a0\u00bb][\/vc_column][\/vc_row][vc_row css_id=\u00a0\u00bbnos-services\u00a0\u00bb css=\u00a0\u00bb.vc_custom_1599292391944{padding-top: 90px !important;padding-bottom: 90px !important;background-color: #1a1a1a !important;}\u00a0\u00bb][vc_column]<div class=\"section-title clearfix wow fadeInLeft align-center  \" ><h2 >NOS SERVICES<\/h2><div class=\"desc col-md-offset-1 col-md-10 col-sm-12\" >Retrouvez l'int\u00e9gralit\u00e9 des services que nous proposons<\/div><\/div>[vc_row_inner][vc_column_inner width=\u00a0\u00bb1\/2&Prime;]<div class=\"icon-box icon-left  wow fadeInLeft border-circle bg-color\" style=\"background-color:#1e1e1e\" ><i class=\"b-icon true fa fa fa-gears\"><\/i><span class=\"box-title\">Serveur d\u00e9di\u00e9s<\/span><div class=\"box-content\">Besoin d&rsquo;une machine physique d\u00e9di\u00e9 et performante? D\u00e9couvrez l&rsquo;int\u00e9gralit\u00e9 de notre gamme !<\/div><\/div><div class=\"icon-box icon-left  wow fadeInLeft border-circle bg-color\" style=\"background-color:#1e1e1e\" ><i class=\"b-icon true fa fa fa-align-justify\"><\/i><span class=\"box-title\">H\u00e9bergement Mutualis\u00e9<\/span><div class=\"box-content\">Besoin d&rsquo;h\u00e9berger un site web? D\u00e9couvrez nos offres d&rsquo;h\u00e9bergement mutualis\u00e9 !<\/div><\/div><div class=\"icon-box icon-left  wow fadeInLeft border-circle bg-color\" style=\"background-color:#1e1e1e\" ><i class=\"b-icon true fa fa fa-desktop\"><\/i><a class=\"box-title\" href=\"https:\/\/www.whiterose.io\/fr\/service-dinstallation\/\">Services D'installation<\/a><div class=\"box-content\">Besoin d&rsquo;installer un site web ou une marketplace sur TOR? Nos techniciens sont la pour \u00e7a !<\/div><\/div>[\/vc_column_inner][vc_column_inner width=\u00a0\u00bb1\/2&Prime;]<div class=\"icon-box icon-left  wow fadeInRight border-circle bg-color\" style=\"background-color:#1e1e1e\" ><i class=\"b-icon true fa fa fa-cloud\"><\/i><span class=\"box-title\">H\u00e9bergement VPS<\/span><div class=\"box-content\">Besoin d&rsquo;un serveur virtuel rapidement ? Retrouvez l&rsquo;int\u00e9gralit\u00e9 de nos serveurs VPS. D\u00e9ploiement instantan\u00e9 !<\/div><\/div><div class=\"icon-box icon-left  wow fadeInRight border-circle bg-color\" style=\"background-color:#1e1e1e\" ><i class=\"b-icon true fa fa fa-phone-square\"><\/i><span class=\"box-title\">Voix sur IP<\/span><div class=\"box-content\">Besoin d&rsquo;une ligne virtuelle? Acc\u00e9dez \u00e0 l&rsquo;int\u00e9gralit\u00e9 de nos services VOIP.<\/div><\/div><div class=\"icon-box icon-left  wow fadeInRight border-circle bg-color\" style=\"background-color:#1e1e1e\" ><i class=\"b-icon true fa fa fa-eye-slash\"><\/i><span class=\"box-title\">Noeud Tor<\/span><div class=\"box-content\">Besoin de d\u00e9ployer un noeud tor? D\u00e9ployez un noeud tor en quelques secondes et contribu\u00e9 au <strong><a href=\"https:\/\/www.torproject.org\/\">Tor Project<\/a>\u00a0<\/strong>!<\/div><\/div>[\/vc_column_inner][\/vc_row_inner][\/vc_column][\/vc_row][vc_row parallax=\u00a0\u00bbyes\u00a0\u00bb css_id=\u00a0\u00bbsection-why-choose-us\u00a0\u00bb css=\u00a0\u00bb.vc_custom_1427439421288{padding-top: 90px !important;padding-bottom: 90px !important;}\u00a0\u00bb el_class=\u00a0\u00bbsection-why-choose-us\u00a0\u00bb][vc_column]<div class=\"section-title clearfix wow fadeInLeft align-center  s-border\" ><h2 >POURQUOI NOUS<\/h2><\/div>[vc_row_inner][vc_column_inner width=\u00a0\u00bb1\/3&Prime;]<div class=\"icon-box icon-left  wow fadeInLeft\"  ><i class=\"b-icon  fa fa fa-angellist\"><\/i><span class=\"box-title\">Passionn\u00e9s<\/span><div class=\"box-content\">Nous sommes une \u00e9quipe de passionn\u00e9 en envie permanente d&rsquo;\u00e9volution. Notre objectif est de vous offrir un service de qualit\u00e9.<\/div><\/div><div class=\"icon-box icon-left  wow fadeInLeft\"  ><i class=\"b-icon  fa fa fa-bitcoin\"><\/i><span class=\"box-title\">Crypto Monnaie<\/span><div class=\"box-content\">Nous acceptons les paiements par crypto monnaie.<\/div><\/div>[\/vc_column_inner][vc_column_inner width=\u00a0\u00bb1\/3&Prime;]<div class=\"icon-box icon-left  wow fadeInDown\"  ><i class=\"b-icon  fa fa fa-eye-slash\"><\/i><span class=\"box-title\">Vie priv\u00e9e<\/span><div class=\"box-content\">Contrairement aux soci\u00e9t\u00e9s europ\u00e9ennes, nous n&rsquo;avons pas d&rsquo;obligation \u00e0 logger vos faits et gestes. <a href=\"#\">En savoir plus<\/a><\/div><\/div><div class=\"icon-box icon-left  wow fadeInDown\"  ><i class=\"b-icon  fa fa fa-legal\"><\/i><span class=\"box-title\">Coop\u00e9ration<\/span><div class=\"box-content\">Nous r\u00e9pondons uniquement aux requ\u00eates gouvernemental hongkongaise correctement formul\u00e9s. Elle seront disponible <a href=\"https:\/\/www.whiterose.io\/fr\/transparence\/\">ici<\/a>.<\/div><\/div>[\/vc_column_inner][vc_column_inner width=\u00a0\u00bb1\/3&Prime;]<div class=\"icon-box icon-left  wow fadeInRight\"  ><i class=\"b-icon  fa fa fa-check\"><\/i><span class=\"box-title\">Expertise Technique<\/span><div class=\"box-content\">Notre \u00e9quipe est compos\u00e9 d&rsquo;experts technique de confiance, chacuns est sp\u00e9cialis\u00e9s dans son domaine respectifs.<\/div><\/div><div class=\"icon-box icon-left  wow fadeInRight\"  ><i class=\"b-icon  fa fa fa-line-chart\"><\/i><span class=\"box-title\">Meilleurs Prix<\/span><div class=\"box-content\">Notre soci\u00e9t\u00e9 \u00e9tant bas\u00e9 \u00e0 Hong Kong vous ne paierez pas de TVA, de ce fait nous sommes les plus comp\u00e9titifs en Europe.<\/div><\/div>[\/vc_column_inner][\/vc_row_inner][\/vc_column][\/vc_row][vc_row css_id=\u00a0\u00bbsection-clients\u00a0\u00bb css=\u00a0\u00bb.vc_custom_1427437165064{padding-top: 90px !important;padding-bottom: 90px !important;background-color: #111111 !important;}\u00a0\u00bb][vc_column]<div id=\"images-carousel-69d00401e7208\" class=\"images-owl-carousel owl-theme   wow fadeInDown\" ><div class=\"item\"><a  target=\"_blank\" ><img alt=\"2616\" src=\"https:\/\/www.whiterose.io\/wp-content\/uploads\/2019\/07\/bitcoin-2.png\"><\/a><\/div><div class=\"item\"><a  target=\"_blank\" ><img alt=\"2618\" src=\"https:\/\/www.whiterose.io\/wp-content\/uploads\/2019\/07\/debian-2.png\"><\/a><\/div><div class=\"item\"><a  target=\"_blank\" ><img alt=\"25391\" src=\"https:\/\/www.whiterose.io\/wp-content\/uploads\/2019\/09\/i2p.png\"><\/a><\/div><div class=\"item\"><a  target=\"_blank\" ><img alt=\"2622\" src=\"https:\/\/www.whiterose.io\/wp-content\/uploads\/2019\/07\/openvpn-3.png\"><\/a><\/div><div class=\"item\"><a  target=\"_blank\" ><img alt=\"2624\" src=\"https:\/\/www.whiterose.io\/wp-content\/uploads\/2019\/07\/redhat-2.png\"><\/a><\/div><div class=\"item\"><a  target=\"_blank\" ><img alt=\"2626\" src=\"https:\/\/www.whiterose.io\/wp-content\/uploads\/2019\/07\/tor-project-2.png\"><\/a><\/div><div class=\"item\"><a  target=\"_blank\" ><img alt=\"2628\" src=\"https:\/\/www.whiterose.io\/wp-content\/uploads\/2019\/07\/ubuntu-1.png\"><\/a><\/div><\/div>[\/vc_column][\/vc_row][vc_row parallax=\u00a0\u00bbyes\u00a0\u00bb css_id=\u00a0\u00bbsection-contact\u00a0\u00bb css=\u00a0\u00bb.vc_custom_1427439439396{padding-top: 90px !important;padding-bottom: 90px !important;}\u00a0\u00bb el_class=\u00a0\u00bbsection-contact\u00a0\u00bb][vc_column]<div class=\"section-title clearfix wow fadeInLeft align-center  \" ><h2 >NOUS CONTACTER<\/h2><\/div>[vc_row_inner][vc_column_inner width=\u00a0\u00bb1\/2&Prime; animation=\u00a0\u00bbfadeInLeft\u00a0\u00bb]\n<div class=\"wpcf7 no-js\" id=\"wpcf7-f1000234-o1\" lang=\"en-US\" dir=\"ltr\">\n<div class=\"screen-reader-response\"><p role=\"status\" aria-live=\"polite\" aria-atomic=\"true\"><\/p> <ul><\/ul><\/div>\n<form action=\"\/fr\/wp-json\/wp\/v2\/pages\/2205#wpcf7-f1000234-o1\" method=\"post\" class=\"wpcf7-form init\" aria-label=\"Contact form\" novalidate=\"novalidate\" data-status=\"init\">\n<div style=\"display: none;\">\n<input type=\"hidden\" name=\"_wpcf7\" value=\"1000234\" \/>\n<input type=\"hidden\" name=\"_wpcf7_version\" value=\"5.7.7\" \/>\n<input type=\"hidden\" name=\"_wpcf7_locale\" value=\"en_US\" \/>\n<input type=\"hidden\" name=\"_wpcf7_unit_tag\" value=\"wpcf7-f1000234-o1\" \/>\n<input type=\"hidden\" name=\"_wpcf7_container_post\" value=\"0\" \/>\n<input type=\"hidden\" name=\"_wpcf7_posted_data_hash\" value=\"\" \/>\n<input type=\"hidden\" name=\"_wpcf7_recaptcha_response\" value=\"\" \/>\n<\/div>\n<p><span class=\"wpcf7-form-control-wrap\" data-name=\"your-name\"><input size=\"40\" class=\"wpcf7-form-control wpcf7-text\" aria-invalid=\"false\" placeholder=\"Votre Pseudo\" value=\"\" type=\"text\" name=\"your-name\" \/><\/span>\n<\/p>\n<p><span class=\"wpcf7-form-control-wrap\" data-name=\"your-email\"><input size=\"40\" class=\"wpcf7-form-control wpcf7-text wpcf7-email wpcf7-validates-as-required wpcf7-validates-as-email\" aria-required=\"true\" aria-invalid=\"false\" placeholder=\"Votre E-mail *\" value=\"\" type=\"email\" name=\"your-email\" \/><\/span>\n<\/p>\n<p><span class=\"wpcf7-form-control-wrap\" data-name=\"your-subject\"><input size=\"40\" class=\"wpcf7-form-control wpcf7-text wpcf7-validates-as-required\" aria-required=\"true\" aria-invalid=\"false\" placeholder=\"Sujet *\" value=\"\" type=\"text\" name=\"your-subject\" \/><\/span>\n<\/p>\n<p><span class=\"wpcf7-form-control-wrap\" data-name=\"your-message\"><textarea cols=\"40\" rows=\"10\" class=\"wpcf7-form-control wpcf7-textarea wpcf7-validates-as-required\" aria-required=\"true\" aria-invalid=\"false\" placeholder=\"Votre message (cliquez sur Chiffrer puis sur Envoyer pour nous contacter de mani\u00e8re s\u00e9curis\u00e9e)\" name=\"your-message\"><\/textarea><\/span>\n<\/p>\n<p><button type=\"button\" id=\"cryptbutton\" class=\"cryptbutton wpcf7-form-control wpcf7-submit\" data-pubkey-uri=\"https:\/\/www.whiterose.io\/pgp.txt\" data-textarea-id=\"\">Chiffrer<\/button><input class=\"wpcf7-form-control has-spinner wpcf7-submit\" type=\"submit\" value=\"Envoyer\" \/>\n<\/p><p style=\"display: none !important;\" class=\"akismet-fields-container\" data-prefix=\"_wpcf7_ak_\"><label>&#916;<textarea name=\"_wpcf7_ak_hp_textarea\" cols=\"45\" rows=\"8\" maxlength=\"100\"><\/textarea><\/label><input type=\"hidden\" id=\"ak_js_1\" name=\"_wpcf7_ak_js\" value=\"94\"\/><script>document.getElementById( \"ak_js_1\" ).setAttribute( \"value\", ( new Date() ).getTime() );<\/script><\/p><div class=\"wpcf7-response-output\" aria-hidden=\"true\"><\/div>\n<\/form>\n<\/div>\n[\/vc_column_inner][vc_column_inner width=\u00a0\u00bb1\/2&Prime; animation=\u00a0\u00bbfadeInRight\u00a0\u00bb]<div class=\"icon-box icon-left icon-box-address\"  ><i class=\"b-icon  fa fa fa-envelope-o\"><\/i><a class=\"box-title\" href=\"mailto:contact@whiterose.io\">contact@whiterose.io<\/a><div class=\"box-content\"><\/div><\/div><div class=\"icon-box icon-left icon-box-address\"  ><i class=\"b-icon  fa fa fa-telegram\"><\/i><a class=\"box-title\" href=\"https:\/\/t.me\/whiterose_io\">whiterose_io<\/a><div class=\"box-content\"><\/div><\/div>[\/vc_column_inner][\/vc_row_inner][\/vc_column][\/vc_row]<\/p>\n","protected":false},"excerpt":{"rendered":"<p>[vc_row css_id=\u00a0\u00bbsection-home\u00a0\u00bb full_content=\u00a0\u00bbyes\u00a0\u00bb el_class=\u00a0\u00bbsection-home\u00a0\u00bb][vc_column][rev_slider_vc alias=\u00a0\u00bbfullscreen_slider\u00a0\u00bb][\/vc_column][\/vc_row][vc_row full_content=\u00a0\u00bbyes\u00a0\u00bb][vc_column][rev_slider_vc alias=\u00a0\u00bbfull_slider_bg\u00a0\u00bb el_class=\u00a0\u00bbfull-slider-bg\u00a0\u00bb][\/vc_column][\/vc_row][vc_row css_id=\u00a0\u00bbnos-services\u00a0\u00bb css=\u00a0\u00bb.vc_custom_1599292391944{padding-top: 90px !important;padding-bottom: 90px !important;background-color: #1a1a1a !important;}\u00a0\u00bb][vc_column][vc_row_inner][vc_column_inner width=\u00a0\u00bb1\/2&Prime;][\/vc_column_inner][vc_column_inner width=\u00a0\u00bb1\/2&Prime;][\/vc_column_inner][\/vc_row_inner][\/vc_column][\/vc_row][vc_row parallax=\u00a0\u00bbyes\u00a0\u00bb css_id=\u00a0\u00bbsection-why-choose-us\u00a0\u00bb css=\u00a0\u00bb.vc_custom_1427439421288{padding-top: 90px !important;padding-bottom: 90px !important;}\u00a0\u00bb el_class=\u00a0\u00bbsection-why-choose-us\u00a0\u00bb][vc_column][vc_row_inner][vc_column_inner width=\u00a0\u00bb1\/3&Prime;][\/vc_column_inner][vc_column_inner width=\u00a0\u00bb1\/3&Prime;][\/vc_column_inner][vc_column_inner width=\u00a0\u00bb1\/3&Prime;][\/vc_column_inner][\/vc_row_inner][\/vc_column][\/vc_row][vc_row css_id=\u00a0\u00bbsection-clients\u00a0\u00bb css=\u00a0\u00bb.vc_custom_1427437165064{padding-top: 90px !important;padding-bottom: 90px !important;background-color: #111111 !important;}\u00a0\u00bb][vc_column][\/vc_column][\/vc_row][vc_row parallax=\u00a0\u00bbyes\u00a0\u00bb css_id=\u00a0\u00bbsection-contact\u00a0\u00bb css=\u00a0\u00bb.vc_custom_1427439439396{padding-top: 90px !important;padding-bottom: 90px !important;}\u00a0\u00bb el_class=\u00a0\u00bbsection-contact\u00a0\u00bb][vc_column][vc_row_inner][vc_column_inner width=\u00a0\u00bb1\/2&Prime; animation=\u00a0\u00bbfadeInLeft\u00a0\u00bb][\/vc_column_inner][vc_column_inner width=\u00a0\u00bb1\/2&Prime; animation=\u00a0\u00bbfadeInRight\u00a0\u00bb][\/vc_column_inner][\/vc_row_inner][\/vc_column][\/vc_row]<\/p>\n","protected":false},"author":1,"featured_media":0,"parent":0,"menu_order":0,"comment_status":"closed","ping_status":"closed","template":"one-page.php","meta":[],"yoast_head":"<!-- This site is optimized with the Yoast SEO plugin v20.6 - https:\/\/yoast.com\/wordpress\/plugins\/seo\/ -->\n<title>WhiteRose Services - Fournisseur de confidentialit\u00e9.<\/title>\n<meta name=\"description\" content=\"Incorpor\u00e9 \u00e0 Hong-Kong, WhiteRose fournit serveurs d\u00e9di\u00e9s, VPS, VOIP, mat\u00e9riel de t\u00e9l\u00e9communication et garantie un tr\u00e8s haut niveau de confidentialit\u00e9.\" \/>\n<meta name=\"robots\" content=\"index, follow, max-snippet:-1, max-image-preview:large, max-video-preview:-1\" \/>\n<link rel=\"canonical\" href=\"https:\/\/www.whiterose.io\/fr\/\" \/>\n<meta property=\"og:locale\" content=\"fr_FR\" \/>\n<meta property=\"og:type\" content=\"article\" \/>\n<meta property=\"og:title\" content=\"WhiteRose Services - Fournisseur de confidentialit\u00e9.\" \/>\n<meta property=\"og:description\" content=\"Incorpor\u00e9 \u00e0 Hong-Kong, WhiteRose fournit serveurs d\u00e9di\u00e9s, VPS, VOIP, mat\u00e9riel de t\u00e9l\u00e9communication et garantie un tr\u00e8s haut niveau de confidentialit\u00e9.\" \/>\n<meta property=\"og:url\" content=\"https:\/\/www.whiterose.io\/fr\/\" \/>\n<meta property=\"og:site_name\" content=\"WhiteRose Services\" \/>\n<meta property=\"article:publisher\" content=\"https:\/\/www.facebook.com\/Whiteroseio-109689350414683\" \/>\n<meta property=\"article:modified_time\" content=\"2021-03-12T08:53:43+00:00\" \/>\n<meta property=\"og:image\" content=\"https:\/\/www.whiterose.io\/wp-content\/uploads\/2020\/09\/og_facebook.jpg\" \/>\n\t<meta property=\"og:image:width\" content=\"1200\" \/>\n\t<meta property=\"og:image:height\" content=\"630\" \/>\n\t<meta property=\"og:image:type\" content=\"image\/jpeg\" \/>\n<meta name=\"twitter:card\" content=\"summary_large_image\" \/>\n<meta name=\"twitter:label1\" content=\"Est. reading time\" \/>\n\t<meta name=\"twitter:data1\" content=\"2 minutes\" \/>\n<script type=\"application\/ld+json\" class=\"yoast-schema-graph\">{\"@context\":\"https:\/\/schema.org\",\"@graph\":[{\"@type\":\"WebPage\",\"@id\":\"https:\/\/www.whiterose.io\/fr\/\",\"url\":\"https:\/\/www.whiterose.io\/fr\/\",\"name\":\"WhiteRose Services - Fournisseur de confidentialit\u00e9.\",\"isPartOf\":{\"@id\":\"https:\/\/www.whiterose.io\/fr\/#website\"},\"datePublished\":\"2015-02-23T10:21:37+00:00\",\"dateModified\":\"2021-03-12T08:53:43+00:00\",\"description\":\"Incorpor\u00e9 \u00e0 Hong-Kong, WhiteRose fournit serveurs d\u00e9di\u00e9s, VPS, VOIP, mat\u00e9riel de t\u00e9l\u00e9communication et garantie un tr\u00e8s haut niveau de confidentialit\u00e9.\",\"breadcrumb\":{\"@id\":\"https:\/\/www.whiterose.io\/fr\/#breadcrumb\"},\"inLanguage\":\"fr-FR\",\"potentialAction\":[{\"@type\":\"ReadAction\",\"target\":[\"https:\/\/www.whiterose.io\/fr\/\"]}]},{\"@type\":\"BreadcrumbList\",\"@id\":\"https:\/\/www.whiterose.io\/fr\/#breadcrumb\",\"itemListElement\":[{\"@type\":\"ListItem\",\"position\":1,\"name\":\"Accueil\",\"item\":\"https:\/\/www.whiterose.io\/fr\/\"},{\"@type\":\"ListItem\",\"position\":2,\"name\":\"Accueil\"}]},{\"@type\":\"WebSite\",\"@id\":\"https:\/\/www.whiterose.io\/fr\/#website\",\"url\":\"https:\/\/www.whiterose.io\/fr\/\",\"name\":\"WhiteRose Services\",\"description\":\"Privacy Provider.\",\"potentialAction\":[{\"@type\":\"SearchAction\",\"target\":{\"@type\":\"EntryPoint\",\"urlTemplate\":\"https:\/\/www.whiterose.io\/fr\/?s={search_term_string}\"},\"query-input\":\"required name=search_term_string\"}],\"inLanguage\":\"fr-FR\"}]}<\/script>\n<!-- \/ Yoast SEO plugin. -->","yoast_head_json":{"title":"WhiteRose Services - Fournisseur de confidentialit\u00e9.","description":"Incorpor\u00e9 \u00e0 Hong-Kong, WhiteRose fournit serveurs d\u00e9di\u00e9s, VPS, VOIP, mat\u00e9riel de t\u00e9l\u00e9communication et garantie un tr\u00e8s haut niveau de confidentialit\u00e9.","robots":{"index":"index","follow":"follow","max-snippet":"max-snippet:-1","max-image-preview":"max-image-preview:large","max-video-preview":"max-video-preview:-1"},"canonical":"https:\/\/www.whiterose.io\/fr\/","og_locale":"fr_FR","og_type":"article","og_title":"WhiteRose Services - Fournisseur de confidentialit\u00e9.","og_description":"Incorpor\u00e9 \u00e0 Hong-Kong, WhiteRose fournit serveurs d\u00e9di\u00e9s, VPS, VOIP, mat\u00e9riel de t\u00e9l\u00e9communication et garantie un tr\u00e8s haut niveau de confidentialit\u00e9.","og_url":"https:\/\/www.whiterose.io\/fr\/","og_site_name":"WhiteRose Services","article_publisher":"https:\/\/www.facebook.com\/Whiteroseio-109689350414683","article_modified_time":"2021-03-12T08:53:43+00:00","og_image":[{"width":1200,"height":630,"url":"https:\/\/www.whiterose.io\/wp-content\/uploads\/2020\/09\/og_facebook.jpg","type":"image\/jpeg"}],"twitter_card":"summary_large_image","twitter_misc":{"Est. reading time":"2 minutes"},"schema":{"@context":"https:\/\/schema.org","@graph":[{"@type":"WebPage","@id":"https:\/\/www.whiterose.io\/fr\/","url":"https:\/\/www.whiterose.io\/fr\/","name":"WhiteRose Services - Fournisseur de confidentialit\u00e9.","isPartOf":{"@id":"https:\/\/www.whiterose.io\/fr\/#website"},"datePublished":"2015-02-23T10:21:37+00:00","dateModified":"2021-03-12T08:53:43+00:00","description":"Incorpor\u00e9 \u00e0 Hong-Kong, WhiteRose fournit serveurs d\u00e9di\u00e9s, VPS, VOIP, mat\u00e9riel de t\u00e9l\u00e9communication et garantie un tr\u00e8s haut niveau de confidentialit\u00e9.","breadcrumb":{"@id":"https:\/\/www.whiterose.io\/fr\/#breadcrumb"},"inLanguage":"fr-FR","potentialAction":[{"@type":"ReadAction","target":["https:\/\/www.whiterose.io\/fr\/"]}]},{"@type":"BreadcrumbList","@id":"https:\/\/www.whiterose.io\/fr\/#breadcrumb","itemListElement":[{"@type":"ListItem","position":1,"name":"Accueil","item":"https:\/\/www.whiterose.io\/fr\/"},{"@type":"ListItem","position":2,"name":"Accueil"}]},{"@type":"WebSite","@id":"https:\/\/www.whiterose.io\/fr\/#website","url":"https:\/\/www.whiterose.io\/fr\/","name":"WhiteRose Services","description":"Privacy Provider.","potentialAction":[{"@type":"SearchAction","target":{"@type":"EntryPoint","urlTemplate":"https:\/\/www.whiterose.io\/fr\/?s={search_term_string}"},"query-input":"required name=search_term_string"}],"inLanguage":"fr-FR"}]}},"_links":{"self":[{"href":"https:\/\/www.whiterose.io\/fr\/wp-json\/wp\/v2\/pages\/2205"}],"collection":[{"href":"https:\/\/www.whiterose.io\/fr\/wp-json\/wp\/v2\/pages"}],"about":[{"href":"https:\/\/www.whiterose.io\/fr\/wp-json\/wp\/v2\/types\/page"}],"author":[{"embeddable":true,"href":"https:\/\/www.whiterose.io\/fr\/wp-json\/wp\/v2\/users\/1"}],"replies":[{"embeddable":true,"href":"https:\/\/www.whiterose.io\/fr\/wp-json\/wp\/v2\/comments?post=2205"}],"version-history":[{"count":70,"href":"https:\/\/www.whiterose.io\/fr\/wp-json\/wp\/v2\/pages\/2205\/revisions"}],"predecessor-version":[{"id":1014490,"href":"https:\/\/www.whiterose.io\/fr\/wp-json\/wp\/v2\/pages\/2205\/revisions\/1014490"}],"wp:attachment":[{"href":"https:\/\/www.whiterose.io\/fr\/wp-json\/wp\/v2\/media?parent=2205"}],"curies":[{"name":"wp","href":"https:\/\/api.w.org\/{rel}","templated":true}]}}